{"id":856,"date":"2017-08-21T14:25:16","date_gmt":"2017-08-21T12:25:16","guid":{"rendered":"http:\/\/sick-stiftung.org\/rws\/?page_id=856"},"modified":"2017-11-13T11:25:32","modified_gmt":"2017-11-13T10:25:32","slug":"aktuelles","status":"publish","type":"page","link":"https:\/\/sick-stiftung.org\/rws\/aktuelles\/","title":{"rendered":"Aktuelles"},"content":{"rendered":"<div class=\"fusion-fullwidth fullwidth-box fusion-builder-row-1 nonhundred-percent-fullwidth non-hundred-percent-height-scrolling\" style=\"background-color: rgba(255,255,255,0);background-position: center center;background-repeat: no-repeat;padding-top:0px;padding-right:0px;padding-bottom:0px;padding-left:0px;margin-bottom: 0px;margin-top: 0px;border-width: 0px 0px 0px 0px;border-color:#eae9e9;border-style:solid;\" ><div class=\"fusion-builder-row fusion-row\"><div class=\"fusion-layout-column fusion_builder_column fusion-builder-column-0 fusion_builder_column_1_1 1_1 fusion-one-full fusion-column-first fusion-column-last\" style=\"margin-top:0px;margin-bottom:20px;\"><div class=\"fusion-column-wrapper fusion-flex-column-wrapper-legacy\" style=\"background-position:left top;background-repeat:no-repeat;-webkit-background-size:cover;-moz-background-size:cover;-o-background-size:cover;background-size:cover;padding: 0px 0px 0px 0px;\"><style type=\"text\/css\"><\/style><div class=\"fusion-title title fusion-title-1 fusion-sep-none fusion-title-center fusion-title-text fusion-title-size-one\" style=\"margin-top:0px;margin-bottom:31px;\"><h1 class=\"title-heading-center\" style=\"margin:0;\"><h1 style=\"text-align: center; color: #514f4d;\">Unsere\u00a0Neuigkeiten im \u00dcberblick<\/h1><\/h1><\/div><div class=\"fusion-sep-clear\"><\/div><div class=\"fusion-separator\" style=\"margin-left: auto;margin-right: auto;width:100%;max-width:70%;\"><div class=\"fusion-separator-border sep-single sep-solid\" style=\"border-color:#e0dede;border-top-width:1px;\"><\/div><\/div><div class=\"fusion-sep-clear\"><\/div><div class=\"fusion-sep-clear\"><\/div><div class=\"fusion-separator fusion-full-width-sep\" style=\"margin-left: auto;margin-right: auto;margin-top:3%;margin-bottom:3%;width:100%;\"><\/div><div class=\"fusion-sep-clear\"><\/div><div class=\"fusion-blog-shortcode fusion-blog-shortcode-1 fusion-blog-archive fusion-blog-layout-medium fusion-blog-pagination\"><div class=\"fusion-posts-container fusion-posts-container-pagination fusion-blog-rollover\" data-pages=\"5\"><article id=\"blog-1-post-1697\" class=\"fusion-post-medium post-1697 post type-post status-publish format-standard hentry category-allgemein\">\n\t<style type=\"text\/css\">\n\t\t\n\t\t\n\t\t\n\t\t\n\t\t\t<\/style>\n\n\n<div class=\"fusion-post-content post-content\"><h2 class=\"blog-shortcode-post-title entry-title\">Heim- und Fluchtorchester<\/h2><div class=\"fusion-post-content-container\"><p>Das Heim und Flucht Orchester in Freiburg unter der Leitung von Ro Kuijpers verbindet seit 2012 Menschen jeglicher Herkunft \u00fcber eine Sprache, die alle verstehen \u2013 die Musik. Im Laufe der Zeit ist es die [...]<\/p><\/div><\/div><div class=\"fusion-clearfix\"><\/div><div class=\"fusion-meta-info\"><span class=\"vcard\" style=\"display: none;\"><span class=\"fn\"><a href=\"https:\/\/sick-stiftung.org\/rws\/author\/jh\/\" title=\"Beitr\u00e4ge von jh\" rel=\"author\">jh<\/a><\/span><\/span><span class=\"updated\" style=\"display:none;\">2026-04-20T09:01:43+02:00<\/span><div class=\"fusion-alignright\"><a class=\"fusion-read-more\" href=\"https:\/\/sick-stiftung.org\/rws\/2026\/04\/20\/heim-und-fluchtorchester\/\" aria-label=\"More on Heim- und Fluchtorchester\">Weiterlesen<\/a><\/div><\/div><\/article>\n<article id=\"blog-1-post-1683\" class=\"fusion-post-medium post-1683 post type-post status-publish format-standard hentry category-allgemein\">\n\t<style type=\"text\/css\">\n\t\t\n\t\t\n\t\t\n\t\t\n\t\t\t<\/style>\n\n\n<div class=\"fusion-post-content post-content\"><h2 class=\"blog-shortcode-post-title entry-title\">SPIELFELD. Sport &#038; Kunst 1.5. \u2013 11.10.2026<\/h2><div class=\"fusion-post-content-container\"><p>Die Ausstellung verbindet Kunst, Bewegung und Spiel zu einem inspirierenden Erlebnis, bei dem internationale K\u00fcnstler*innen, interaktive Werke und inklusive Kooperationen zeigen, wie Sport Menschen zusammenbringt, Barrieren \u00fcberwindet und neue Formen von Gemeinschaft und Teilhabe schafft. [...]<\/p><\/div><\/div><div class=\"fusion-clearfix\"><\/div><div class=\"fusion-meta-info\"><span class=\"vcard\" style=\"display: none;\"><span class=\"fn\"><a href=\"https:\/\/sick-stiftung.org\/rws\/author\/jh\/\" title=\"Beitr\u00e4ge von jh\" rel=\"author\">jh<\/a><\/span><\/span><span class=\"updated\" style=\"display:none;\">2026-04-02T11:38:55+02:00<\/span><div class=\"fusion-alignright\"><a class=\"fusion-read-more\" href=\"https:\/\/sick-stiftung.org\/rws\/2026\/04\/02\/spielfeld-sport-kunst-1-5-11-10-2026\/\" aria-label=\"More on SPIELFELD. Sport &#038; Kunst 1.5. \u2013 11.10.2026\">Weiterlesen<\/a><\/div><\/div><\/article>\n<article id=\"blog-1-post-1674\" class=\"fusion-post-medium post-1674 post type-post status-publish format-standard has-post-thumbnail hentry category-allgemein\">\n\t<style type=\"text\/css\">\n\t\t\n\t\t\n\t\t\n\t\t\n\t\t\t<\/style>\n\n\n\t\t\t<div class=\"fusion-flexslider flexslider fusion-flexslider-loading fusion-post-slideshow\" style=\"\">\n\t\t<ul class=\"slides\">\n\t\t\t\n\t\t\t\t\t\t\t\t\t\t\t\t\t\t<li>\n\n<div  class=\"fusion-image-wrapper fusion-image-size-fixed\" aria-haspopup=\"true\">\n\t\n\t\n\t\n\t\t\n\t\t\t\t\t<img width=\"320\" height=\"202\" src=\"https:\/\/sick-stiftung.org\/rws\/wp-content\/uploads\/2025\/05\/Ausschu\u0308tten-restlicher-Stickstoff-320x202.jpg\" class=\"attachment-blog-medium size-blog-medium wp-post-image\" alt=\"\" srcset=\"https:\/\/sick-stiftung.org\/rws\/wp-content\/uploads\/2025\/05\/Ausschu\u0308tten-restlicher-Stickstoff-320x202.jpg 320w, https:\/\/sick-stiftung.org\/rws\/wp-content\/uploads\/2025\/05\/Ausschu\u0308tten-restlicher-Stickstoff-700x441.jpg 700w\" sizes=\"(max-width: 320px) 100vw, 320px\" \/>\n\t\n\n\t\t<div class=\"fusion-rollover\">\n\t<div class=\"fusion-rollover-content\">\n\n\t\t\t\t\t\t\t\t\t\t\t\t\t\t<a class=\"fusion-rollover-link\" href=\"https:\/\/sick-stiftung.org\/rws\/2025\/05\/13\/paedagogische-hochschule-freiburg-projekt-mint-trifft-dgs-wissenschaft-inklusiv-erleben\/\">P\u00e4dagogische Hochschule Freiburg, Projekt: MINT trifft DGS \u2013 Wissenschaft inklusiv erleben<\/a>\n\t\t\t\n\t\t\t\t\t\t\t\t\t\t\t\t\t\t\n\t\t\t\t\t\t\t\t\n\t\t\t\t\t\t\t\t\t\t\t\t\t<div class=\"fusion-rollover-sep\"><\/div>\n\t\t\t\t\n\t\t\t\t\t\t\t\t\t\t\t\t\t\t\t\t\t\t<a class=\"fusion-rollover-gallery\" href=\"https:\/\/sick-stiftung.org\/rws\/wp-content\/uploads\/2025\/05\/Ausschu\u0308tten-restlicher-Stickstoff.jpg\" data-id=\"1674\" data-rel=\"iLightbox[gallery]\" data-title=\"Ausschu\u0308tten restlicher Stickstoff\" data-caption=\"\">\n\t\t\t\t\t\tGallerie\t\t\t\t\t<\/a>\n\t\t\t\t\t\t\t\t\t\t\t\t\t\t\n\t\t\t\t\n\t\t\t\t\t\t\t\t\t\t\t\t<h4 class=\"fusion-rollover-title\">\n\t\t\t\t\t<a class=\"fusion-rollover-title-link\" href=\"https:\/\/sick-stiftung.org\/rws\/2025\/05\/13\/paedagogische-hochschule-freiburg-projekt-mint-trifft-dgs-wissenschaft-inklusiv-erleben\/\">\n\t\t\t\t\t\tP\u00e4dagogische Hochschule Freiburg, Projekt: MINT trifft DGS \u2013 Wissenschaft inklusiv erleben\t\t\t\t\t<\/a>\n\t\t\t\t<\/h4>\n\t\t\t\n\t\t\t\t\t\t\t\t\t\t\t\t\t\t<div class=\"fusion-rollover-categories\"><a href=\"https:\/\/sick-stiftung.org\/rws\/category\/allgemein\/\" rel=\"tag\">Allgemein<\/a><\/div>\t\t\t\t\t\n\t\t\n\t\t\t\t<a class=\"fusion-link-wrapper\" href=\"https:\/\/sick-stiftung.org\/rws\/2025\/05\/13\/paedagogische-hochschule-freiburg-projekt-mint-trifft-dgs-wissenschaft-inklusiv-erleben\/\" aria-label=\"P\u00e4dagogische Hochschule Freiburg, Projekt: MINT trifft DGS \u2013 Wissenschaft inklusiv erleben\"><\/a>\n\t<\/div>\n<\/div>\n\n\t\n<\/div>\n<\/li>\n\t\t\t\n\t\t\t\n\t\t\t\t\t\t\t\t\t\t\t\t\t\t\t\t\t\t\t\t\t\t\t\t\t\t\t\t\t\t\t\t\t\t\t\t\t\t\t\t\t\t\t\t\t\t\t\t\t\t\t\t\t\t\t\t\t\t\t\t\t\t\t\t\t\t\t\t<\/ul>\n\t<\/div>\n\t<div class=\"fusion-post-content post-content\"><h2 class=\"blog-shortcode-post-title entry-title\">P\u00e4dagogische Hochschule Freiburg, Projekt: MINT trifft DGS \u2013 Wissenschaft inklusiv erleben<\/h2><div class=\"fusion-post-content-container\"><p>Im Sommer 2025 geben Lehramtsstudierende interaktive MINT-Workshops in deutscher Geb\u00e4rdensprache f\u00fcr Klassen mit F\u00f6rderbedarf im Bereich H\u00f6ren und Sprache am BBZ Stegen. Die Workshops erarbeiten sie zuvor in einem gemeinsamen Seminar des Zentrums f\u00fcr MINT-Bildung [...]<\/p><\/div><\/div><div class=\"fusion-clearfix\"><\/div><div class=\"fusion-meta-info\"><span class=\"vcard\" style=\"display: none;\"><span class=\"fn\"><a href=\"https:\/\/sick-stiftung.org\/rws\/author\/jh\/\" title=\"Beitr\u00e4ge von jh\" rel=\"author\">jh<\/a><\/span><\/span><span class=\"updated\" style=\"display:none;\">2025-05-13T15:13:09+02:00<\/span><div class=\"fusion-alignright\"><a class=\"fusion-read-more\" href=\"https:\/\/sick-stiftung.org\/rws\/2025\/05\/13\/paedagogische-hochschule-freiburg-projekt-mint-trifft-dgs-wissenschaft-inklusiv-erleben\/\" aria-label=\"More on P\u00e4dagogische Hochschule Freiburg, Projekt: MINT trifft DGS \u2013 Wissenschaft inklusiv erleben\">Weiterlesen<\/a><\/div><\/div><\/article>\n<article id=\"blog-1-post-1668\" class=\"fusion-post-medium post-1668 post type-post status-publish format-standard has-post-thumbnail hentry category-allgemein\">\n\t<style type=\"text\/css\">\n\t\t\n\t\t\n\t\t\n\t\t\n\t\t\t<\/style>\n\n\n\t\t\t<div class=\"fusion-flexslider flexslider fusion-flexslider-loading fusion-post-slideshow\" style=\"\">\n\t\t<ul class=\"slides\">\n\t\t\t\n\t\t\t\t\t\t\t\t\t\t\t\t\t\t<li>\n\n<div  class=\"fusion-image-wrapper fusion-image-size-fixed\" aria-haspopup=\"true\">\n\t\n\t\n\t\n\t\t\n\t\t\t\t\t<img width=\"320\" height=\"202\" src=\"https:\/\/sick-stiftung.org\/rws\/wp-content\/uploads\/2025\/05\/Foto-Kirchplatz-Lesung_25-08-2022-320x202.jpeg\" class=\"attachment-blog-medium size-blog-medium wp-post-image\" alt=\"\" \/>\n\t\n\n\t\t<div class=\"fusion-rollover\">\n\t<div class=\"fusion-rollover-content\">\n\n\t\t\t\t\t\t\t\t\t\t\t\t\t\t<a class=\"fusion-rollover-link\" href=\"https:\/\/sick-stiftung.org\/rws\/2025\/05\/13\/herdermer-sommerlesungen\/\">Herdermer Sommerlesungen<\/a>\n\t\t\t\n\t\t\t\t\t\t\t\t\t\t\t\t\t\t\n\t\t\t\t\t\t\t\t\n\t\t\t\t\t\t\t\t\t\t\t\t\t<div class=\"fusion-rollover-sep\"><\/div>\n\t\t\t\t\n\t\t\t\t\t\t\t\t\t\t\t\t\t\t\t\t\t\t<a class=\"fusion-rollover-gallery\" href=\"https:\/\/sick-stiftung.org\/rws\/wp-content\/uploads\/2025\/05\/Foto-Kirchplatz-Lesung_25-08-2022.jpeg\" data-id=\"1668\" data-rel=\"iLightbox[gallery]\" data-title=\"Foto Kirchplatz Lesung_25-08-2022\" data-caption=\"Foto: Konrad Lenz\">\n\t\t\t\t\t\tGallerie\t\t\t\t\t<\/a>\n\t\t\t\t\t\t\t\t\t\t\t\t\t\t\n\t\t\t\t\n\t\t\t\t\t\t\t\t\t\t\t\t<h4 class=\"fusion-rollover-title\">\n\t\t\t\t\t<a class=\"fusion-rollover-title-link\" href=\"https:\/\/sick-stiftung.org\/rws\/2025\/05\/13\/herdermer-sommerlesungen\/\">\n\t\t\t\t\t\tHerdermer Sommerlesungen\t\t\t\t\t<\/a>\n\t\t\t\t<\/h4>\n\t\t\t\n\t\t\t\t\t\t\t\t\t\t\t\t\t\t<div class=\"fusion-rollover-categories\"><a href=\"https:\/\/sick-stiftung.org\/rws\/category\/allgemein\/\" rel=\"tag\">Allgemein<\/a><\/div>\t\t\t\t\t\n\t\t\n\t\t\t\t<a class=\"fusion-link-wrapper\" href=\"https:\/\/sick-stiftung.org\/rws\/2025\/05\/13\/herdermer-sommerlesungen\/\" aria-label=\"Herdermer Sommerlesungen\"><\/a>\n\t<\/div>\n<\/div>\n\n\t\n<\/div>\n<\/li>\n\t\t\t\n\t\t\t\n\t\t\t\t\t\t\t\t\t\t\t\t\t\t\t\t\t\t\t\t\t\t\t\t\t\t\t\t\t\t\t\t\t\t\t\t\t\t\t\t\t\t\t\t\t\t\t\t\t\t\t\t\t\t\t\t\t\t\t\t\t\t\t\t\t\t\t\t<\/ul>\n\t<\/div>\n\t<div class=\"fusion-post-content post-content\"><h2 class=\"blog-shortcode-post-title entry-title\">Herdermer Sommerlesungen<\/h2><div class=\"fusion-post-content-container\"><p>Kunst &amp; Kultur An f\u00fcnf Abenden zwischen Mai und September pr\u00e4sentieren Literaturschaffende ihre Werke im Freiburger Stadtteil Herdern. Die Sommerlesungen sind ein niederschwelliges Kulturangebot f\u00fcr alle. Der Eintritt ist frei. Auf dem Kirchplatz unter den [...]<\/p><\/div><\/div><div class=\"fusion-clearfix\"><\/div><div class=\"fusion-meta-info\"><span class=\"vcard\" style=\"display: none;\"><span class=\"fn\"><a href=\"https:\/\/sick-stiftung.org\/rws\/author\/jh\/\" title=\"Beitr\u00e4ge von jh\" rel=\"author\">jh<\/a><\/span><\/span><span class=\"updated\" style=\"display:none;\">2025-05-13T13:43:49+02:00<\/span><div class=\"fusion-alignright\"><a class=\"fusion-read-more\" href=\"https:\/\/sick-stiftung.org\/rws\/2025\/05\/13\/herdermer-sommerlesungen\/\" aria-label=\"More on Herdermer Sommerlesungen\">Weiterlesen<\/a><\/div><\/div><\/article>\n<article id=\"blog-1-post-1652\" class=\"fusion-post-medium post-1652 post type-post status-publish format-standard has-post-thumbnail hentry category-allgemein\">\n\t<style type=\"text\/css\">\n\t\t\n\t\t\n\t\t\n\t\t\n\t\t\t<\/style>\n\n\n\t\t\t<div class=\"fusion-flexslider flexslider fusion-flexslider-loading fusion-post-slideshow\" style=\"\">\n\t\t<ul class=\"slides\">\n\t\t\t\n\t\t\t\t\t\t\t\t\t\t\t\t\t\t<li>\n\n<div  class=\"fusion-image-wrapper fusion-image-size-fixed\" aria-haspopup=\"true\">\n\t\n\t\n\t\n\t\t\n\t\t\t\t\t<img width=\"320\" height=\"202\" src=\"https:\/\/sick-stiftung.org\/rws\/wp-content\/uploads\/2025\/01\/IMAG4021-web-320x202.jpg\" class=\"attachment-blog-medium size-blog-medium wp-post-image\" alt=\"\" srcset=\"https:\/\/sick-stiftung.org\/rws\/wp-content\/uploads\/2025\/01\/IMAG4021-web-320x202.jpg 320w, https:\/\/sick-stiftung.org\/rws\/wp-content\/uploads\/2025\/01\/IMAG4021-web-700x441.jpg 700w\" sizes=\"(max-width: 320px) 100vw, 320px\" \/>\n\t\n\n\t\t<div class=\"fusion-rollover\">\n\t<div class=\"fusion-rollover-content\">\n\n\t\t\t\t\t\t\t\t\t\t\t\t\t\t<a class=\"fusion-rollover-link\" href=\"https:\/\/sick-stiftung.org\/rws\/2025\/01\/23\/sonderpaedagogisches-bildungs-und-beratungszentrum-karl-friedrich-schule-emmendingen-projekt-schulbauernhof\/\">Sonderp\u00e4dagogisches Bildungs- und Beratungszentrum Karl-Friedrich-Schule, Emmendingen \u2013 Projekt: Schulbauernhof<\/a>\n\t\t\t\n\t\t\t\t\t\t\t\t\t\t\t\t\t\t\n\t\t\t\t\t\t\t\t\n\t\t\t\t\t\t\t\t\t\t\t\t\t<div class=\"fusion-rollover-sep\"><\/div>\n\t\t\t\t\n\t\t\t\t\t\t\t\t\t\t\t\t\t\t\t\t\t\t<a class=\"fusion-rollover-gallery\" href=\"https:\/\/sick-stiftung.org\/rws\/wp-content\/uploads\/2025\/01\/IMAG4021-web.jpg\" data-id=\"1652\" data-rel=\"iLightbox[gallery]\" data-title=\"IMAG4021-web\" data-caption=\"\">\n\t\t\t\t\t\tGallerie\t\t\t\t\t<\/a>\n\t\t\t\t\t\t\t\t\t\t\t\t\t\t\n\t\t\t\t\n\t\t\t\t\t\t\t\t\t\t\t\t<h4 class=\"fusion-rollover-title\">\n\t\t\t\t\t<a class=\"fusion-rollover-title-link\" href=\"https:\/\/sick-stiftung.org\/rws\/2025\/01\/23\/sonderpaedagogisches-bildungs-und-beratungszentrum-karl-friedrich-schule-emmendingen-projekt-schulbauernhof\/\">\n\t\t\t\t\t\tSonderp\u00e4dagogisches Bildungs- und Beratungszentrum Karl-Friedrich-Schule, Emmendingen \u2013 Projekt: Schulbauernhof\t\t\t\t\t<\/a>\n\t\t\t\t<\/h4>\n\t\t\t\n\t\t\t\t\t\t\t\t\t\t\t\t\t\t<div class=\"fusion-rollover-categories\"><a href=\"https:\/\/sick-stiftung.org\/rws\/category\/allgemein\/\" rel=\"tag\">Allgemein<\/a><\/div>\t\t\t\t\t\n\t\t\n\t\t\t\t<a class=\"fusion-link-wrapper\" href=\"https:\/\/sick-stiftung.org\/rws\/2025\/01\/23\/sonderpaedagogisches-bildungs-und-beratungszentrum-karl-friedrich-schule-emmendingen-projekt-schulbauernhof\/\" aria-label=\"Sonderp\u00e4dagogisches Bildungs- und Beratungszentrum Karl-Friedrich-Schule, Emmendingen \u2013 Projekt: Schulbauernhof\"><\/a>\n\t<\/div>\n<\/div>\n\n\t\n<\/div>\n<\/li>\n\t\t\t\n\t\t\t\n\t\t\t\t\t\t\t\t\t\t\t\t\t\t\t\t\t\t\t\t\t\t\t\t\t\t\t\t\t\t\t\t\t\t\t\t\t\t\t\t\t\t\t\t\t\t\t\t\t\t\t\t\t\t\t\t\t\t\t\t\t\t\t\t\t\t\t\t<\/ul>\n\t<\/div>\n\t<div class=\"fusion-post-content post-content\"><h2 class=\"blog-shortcode-post-title entry-title\">Sonderp\u00e4dagogisches Bildungs- und Beratungszentrum Karl-Friedrich-Schule, Emmendingen \u2013 Projekt: Schulbauernhof<\/h2><div class=\"fusion-post-content-container\"><p>Seit 2007 tragen wir vom Schulbauernhof Dom\u00e4ne Hochburg e.V. dazu bei, dass Kinder in unserer Region Landwirtschaft hautnah erleben k\u00f6nnen. Bei uns lernen Sch\u00fclerinnen und Sch\u00fcler respektvoll und nachhaltig mit Natur, Lebensmitteln und Tieren umzugehen. [...]<\/p><\/div><\/div><div class=\"fusion-clearfix\"><\/div><div class=\"fusion-meta-info\"><span class=\"vcard\" style=\"display: none;\"><span class=\"fn\"><a href=\"https:\/\/sick-stiftung.org\/rws\/author\/jh\/\" title=\"Beitr\u00e4ge von jh\" rel=\"author\">jh<\/a><\/span><\/span><span class=\"updated\" style=\"display:none;\">2025-01-23T09:33:40+01:00<\/span><div class=\"fusion-alignright\"><a class=\"fusion-read-more\" href=\"https:\/\/sick-stiftung.org\/rws\/2025\/01\/23\/sonderpaedagogisches-bildungs-und-beratungszentrum-karl-friedrich-schule-emmendingen-projekt-schulbauernhof\/\" aria-label=\"More on Sonderp\u00e4dagogisches Bildungs- und Beratungszentrum Karl-Friedrich-Schule, Emmendingen \u2013 Projekt: Schulbauernhof\">Weiterlesen<\/a><\/div><\/div><\/article>\n<article id=\"blog-1-post-1645\" class=\"fusion-post-medium post-1645 post type-post status-publish format-standard has-post-thumbnail hentry category-allgemein\">\n\t<style type=\"text\/css\">\n\t\t\n\t\t\n\t\t\n\t\t\n\t\t\t<\/style>\n\n\n\t\t\t<div class=\"fusion-flexslider flexslider fusion-flexslider-loading fusion-post-slideshow\" style=\"\">\n\t\t<ul class=\"slides\">\n\t\t\t\n\t\t\t\t\t\t\t\t\t\t\t\t\t\t<li>\n\n<div  class=\"fusion-image-wrapper fusion-image-size-fixed\" aria-haspopup=\"true\">\n\t\n\t\n\t\n\t\t\n\t\t\t\t\t<img width=\"320\" height=\"202\" src=\"https:\/\/sick-stiftung.org\/rws\/wp-content\/uploads\/2024\/11\/DSC_7494-320x202.jpg\" class=\"attachment-blog-medium size-blog-medium wp-post-image\" alt=\"\" srcset=\"https:\/\/sick-stiftung.org\/rws\/wp-content\/uploads\/2024\/11\/DSC_7494-320x202.jpg 320w, https:\/\/sick-stiftung.org\/rws\/wp-content\/uploads\/2024\/11\/DSC_7494-700x441.jpg 700w\" sizes=\"(max-width: 320px) 100vw, 320px\" \/>\n\t\n\n\t\t<div class=\"fusion-rollover\">\n\t<div class=\"fusion-rollover-content\">\n\n\t\t\t\t\t\t\t\t\t\t\t\t\t\t<a class=\"fusion-rollover-link\" href=\"https:\/\/sick-stiftung.org\/rws\/2024\/11\/26\/step-stiftung-projekt-kick-connect\/\">step stiftung \u2013 Projekt \u201ekick connect\u201c<\/a>\n\t\t\t\n\t\t\t\t\t\t\t\t\t\t\t\t\t\t\n\t\t\t\t\t\t\t\t\n\t\t\t\t\t\t\t\t\t\t\t\t\t<div class=\"fusion-rollover-sep\"><\/div>\n\t\t\t\t\n\t\t\t\t\t\t\t\t\t\t\t\t\t\t\t\t\t\t<a class=\"fusion-rollover-gallery\" href=\"https:\/\/sick-stiftung.org\/rws\/wp-content\/uploads\/2024\/11\/DSC_7494.jpg\" data-id=\"1645\" data-rel=\"iLightbox[gallery]\" data-title=\"DSC_7494\" data-caption=\"\">\n\t\t\t\t\t\tGallerie\t\t\t\t\t<\/a>\n\t\t\t\t\t\t\t\t\t\t\t\t\t\t\n\t\t\t\t\n\t\t\t\t\t\t\t\t\t\t\t\t<h4 class=\"fusion-rollover-title\">\n\t\t\t\t\t<a class=\"fusion-rollover-title-link\" href=\"https:\/\/sick-stiftung.org\/rws\/2024\/11\/26\/step-stiftung-projekt-kick-connect\/\">\n\t\t\t\t\t\tstep stiftung \u2013 Projekt \u201ekick connect\u201c\t\t\t\t\t<\/a>\n\t\t\t\t<\/h4>\n\t\t\t\n\t\t\t\t\t\t\t\t\t\t\t\t\t\t<div class=\"fusion-rollover-categories\"><a href=\"https:\/\/sick-stiftung.org\/rws\/category\/allgemein\/\" rel=\"tag\">Allgemein<\/a><\/div>\t\t\t\t\t\n\t\t\n\t\t\t\t<a class=\"fusion-link-wrapper\" href=\"https:\/\/sick-stiftung.org\/rws\/2024\/11\/26\/step-stiftung-projekt-kick-connect\/\" aria-label=\"step stiftung \u2013 Projekt \u201ekick connect\u201c\"><\/a>\n\t<\/div>\n<\/div>\n\n\t\n<\/div>\n<\/li>\n\t\t\t\n\t\t\t\n\t\t\t\t\t\t\t\t\t\t\t\t\t\t\t\t\t\t\t\t\t\t\t\t\t\t\t\t\t\t\t\t\t\t\t\t\t\t\t\t\t\t\t\t\t\t\t\t\t\t\t\t\t\t\t\t\t\t\t\t\t\t\t\t\t\t\t\t<\/ul>\n\t<\/div>\n\t<div class=\"fusion-post-content post-content\"><h2 class=\"blog-shortcode-post-title entry-title\">step stiftung \u2013 Projekt \u201ekick connect\u201c<\/h2><div class=\"fusion-post-content-container\"><p>kick connect bietet Kindern mit Fluchtgeschichte einen niedrigschwelligen Zugang zu Sport und Bewegung. Kostenfrei, direkt in ihrer Lebenswelt und dar\u00fcber hinaus. Denn das Angebot soll nicht nur vor Ort Teilhabe erm\u00f6glichen, sondern auch soziale Bewegungsr\u00e4ume [...]<\/p><\/div><\/div><div class=\"fusion-clearfix\"><\/div><div class=\"fusion-meta-info\"><span class=\"vcard\" style=\"display: none;\"><span class=\"fn\"><a href=\"https:\/\/sick-stiftung.org\/rws\/author\/jh\/\" title=\"Beitr\u00e4ge von jh\" rel=\"author\">jh<\/a><\/span><\/span><span class=\"updated\" style=\"display:none;\">2024-11-26T15:30:30+01:00<\/span><div class=\"fusion-alignright\"><a class=\"fusion-read-more\" href=\"https:\/\/sick-stiftung.org\/rws\/2024\/11\/26\/step-stiftung-projekt-kick-connect\/\" aria-label=\"More on step stiftung \u2013 Projekt \u201ekick connect\u201c\">Weiterlesen<\/a><\/div><\/div><\/article>\n<\/div><div class=\"pagination clearfix\"><span class=\"current\">1<\/span><a href=\"https:\/\/sick-stiftung.org\/rws\/wp-json\/wp\/v2\/pages\/856\/page\/2\/\" class=\"inactive\">2<\/a><a class=\"pagination-next\" rel=\"next\" href=\"https:\/\/sick-stiftung.org\/rws\/wp-json\/wp\/v2\/pages\/856\/page\/2\/\"><span class=\"page-text\">Vor<\/span><span class=\"page-next\"><\/span><\/a><\/div><div class=\"fusion-clearfix\"><\/div><\/div><div class=\"fusion-sep-clear\"><\/div><div class=\"fusion-separator fusion-full-width-sep\" style=\"margin-left: auto;margin-right: auto;margin-top:2%;width:100%;\"><\/div><div class=\"fusion-sep-clear\"><\/div><div class=\"fusion-clearfix\"><\/div><\/div><\/div><\/div><\/div>\n","protected":false},"excerpt":{"rendered":"","protected":false},"author":1,"featured_media":0,"parent":0,"menu_order":0,"comment_status":"closed","ping_status":"closed","template":"","meta":[],"_links":{"self":[{"href":"https:\/\/sick-stiftung.org\/rws\/wp-json\/wp\/v2\/pages\/856"}],"collection":[{"href":"https:\/\/sick-stiftung.org\/rws\/wp-json\/wp\/v2\/pages"}],"about":[{"href":"https:\/\/sick-stiftung.org\/rws\/wp-json\/wp\/v2\/types\/page"}],"author":[{"embeddable":true,"href":"https:\/\/sick-stiftung.org\/rws\/wp-json\/wp\/v2\/users\/1"}],"replies":[{"embeddable":true,"href":"https:\/\/sick-stiftung.org\/rws\/wp-json\/wp\/v2\/comments?post=856"}],"version-history":[{"count":8,"href":"https:\/\/sick-stiftung.org\/rws\/wp-json\/wp\/v2\/pages\/856\/revisions"}],"predecessor-version":[{"id":1198,"href":"https:\/\/sick-stiftung.org\/rws\/wp-json\/wp\/v2\/pages\/856\/revisions\/1198"}],"wp:attachment":[{"href":"https:\/\/sick-stiftung.org\/rws\/wp-json\/wp\/v2\/media?parent=856"}],"curies":[{"name":"wp","href":"https:\/\/api.w.org\/{rel}","templated":true}]}}