{"id":762,"date":"2017-08-03T11:50:18","date_gmt":"2017-08-03T09:50:18","guid":{"rendered":"http:\/\/sick-stiftung.org\/rws\/?page_id=762"},"modified":"2025-01-23T14:35:37","modified_gmt":"2025-01-23T13:35:37","slug":"foerderung","status":"publish","type":"page","link":"https:\/\/sick-stiftung.org\/rws\/foerderung\/","title":{"rendered":"F\u00f6rderung"},"content":{"rendered":"<p><div id=\"foerderricht\"><div class=\"fusion-fullwidth fullwidth-box fusion-builder-row-1 nonhundred-percent-fullwidth non-hundred-percent-height-scrolling\" style=\"background-color: rgba(255,255,255,0);background-position: center center;background-repeat: no-repeat;padding-top:0px;padding-right:0px;padding-bottom:0px;padding-left:0px;margin-bottom: 0px;border-width: 0px 0px 0px 0px;border-color:#eae9e9;border-style:solid;\" ><div class=\"fusion-builder-row fusion-row\"><div class=\"fusion-layout-column fusion_builder_column fusion-builder-column-0 fusion_builder_column_1_1 1_1 fusion-one-full fusion-column-first fusion-column-last\" style=\"margin-top:0px;margin-bottom:0px;\"><div class=\"fusion-column-wrapper fusion-flex-column-wrapper-legacy\" style=\"background-position:left top;background-repeat:no-repeat;-webkit-background-size:cover;-moz-background-size:cover;-o-background-size:cover;background-size:cover;padding: 0px 0px 0px 0px;\"><style type=\"text\/css\"><\/style><div class=\"fusion-title title fusion-title-1 fusion-sep-none fusion-title-center fusion-title-text fusion-title-size-two\" style=\"margin-top:0px;margin-bottom:31px;\"><h2 class=\"title-heading-center\" style=\"margin:0;\"><h2>F\u00f6rderrichtlinien<\/h2><\/h2><\/div><div class=\"fusion-sep-clear\"><\/div><div class=\"fusion-separator\" style=\"margin-left: auto;margin-right: auto;width:100%;max-width:70%;\"><div class=\"fusion-separator-border sep-single sep-solid\" style=\"border-color:#e0dede;border-top-width:1px;\"><\/div><\/div><div class=\"fusion-sep-clear\"><\/div><div class=\"fusion-sep-clear\"><\/div><div class=\"fusion-separator fusion-full-width-sep\" style=\"margin-left: auto;margin-right: auto;margin-top:3%;width:100%;\"><\/div><div class=\"fusion-sep-clear\"><\/div><div class=\"fusion-text fusion-text-1\" style=\"transform:translate3d(0,0,0);\"><p>Die die Renate und Waltraut Sick Stiftung ist eine rechtsf\u00e4hige Stiftung des b\u00fcrgerlichen Rechts mit Sitz in Freiburg. Sie versteht sich als f\u00f6rdernde Stiftung und unterst\u00fctzt auf Antrag einzelne Projekte durch finanzielle Zuwendung.<\/p>\n<p>Die Renate und Waltraut Sick Stiftung f\u00f6rdert ausschlie\u00dflich in der Region Freiburg i. Brsg.<\/p>\n<p>Die nachfolgenden Richtlinien geben einen \u00dcberblick \u00fcber die einheitlichen inhaltlichen und formellen Kriterien. Sollte ein Vorhaben nicht mit diesen Richtlinien \u00fcbereinstimmen, bitten wir, von einer Antragsstellung abzusehen.<\/p>\n<\/div><div class=\"fusion-sep-clear\"><\/div><div class=\"fusion-separator fusion-full-width-sep\" style=\"margin-left: auto;margin-right: auto;margin-top:3%;width:100%;\"><\/div><div class=\"fusion-sep-clear\"><\/div><style type=\"text\/css\">#accordion-762-1 .fusion-panel:hover, #accordion-762-1 .fusion-panel.hover{ background-color: #f9f9f9 } #accordion-762-1 .fusion-panel { border-color:#cccccc; border-width:1px; background-color:#ffffff; }.fusion-accordian  #accordion-762-1 .panel-title a .fa-fusion-box{ color: #ffffff;}.fusion-accordian  #accordion-762-1 .panel-title a .fa-fusion-box:before{ font-size: 13px; width: 13px;}.fusion-accordian  #accordion-762-1 .panel-title a{font-size:15px;}.fusion-accordian  #accordion-762-1 .fa-fusion-box { background-color: #333333;border-color: #333333;}.fusion-accordian  #accordion-762-1 .panel-title a:hover, #accordion-762-1 .fusion-toggle-boxed-mode:hover .panel-title a { color: #a0ce4e;}.fusion-accordian  #accordion-762-1 .panel-title .active .fa-fusion-box,.fusion-accordian  #accordion-762-1 .panel-title a:hover .fa-fusion-box { background-color: #a0ce4e!important;border-color: #a0ce4e!important;}<\/style><div class=\"accordian fusion-accordian\"><div class=\"panel-group\" id=\"accordion-762-1\" role=\"tablist\"><div class=\"fusion-panel panel-default fusion-toggle-no-divider fusion-toggle-boxed-mode\" role=\"tabpanel\"><div class=\"panel-heading\"><h4 class=\"panel-title toggle\"><a aria-expanded=\"false\" aria-selected=\"false\" aria-controls=\"d1092da4e3f310675\" role=\"tab\" data-toggle=\"collapse\" data-parent=\"#accordion-762-1\" data-target=\"#d1092da4e3f310675\" href=\"#d1092da4e3f310675\"><span class=\"fusion-toggle-icon-wrapper\" aria-hidden=\"true\"><i class=\"fa-fusion-box\" aria-hidden=\"true\"><\/i><\/span><span class=\"fusion-toggle-heading\">F\u00f6rderrichtlinien<\/span><\/a><\/h4><\/div><div id=\"d1092da4e3f310675\" class=\"panel-collapse collapse \"><div class=\"panel-body toggle-content fusion-clearfix\">\n<p>Die Renate und Waltraut Sick Stiftung ist eine rechtsf\u00e4hige Stiftung des b\u00fcrgerlichen Rechts mit Sitz in Freiburg. Sie versteht sich als f\u00f6rdernde Stiftung und unterst\u00fctzt auf Antrag einzelne Projekte durch finanzielle Zuwendung.<\/p>\n<p>Die nachfolgenden Richtlinien geben einen \u00dcberblick \u00fcber die einheitlichen inhaltlichen und formellen Kriterien. Sollte ein Vorhaben nicht mit diesen Richtlinien \u00fcbereinstimmen, bitten wir, von einer Antragsstellung abzusehen.<\/p>\n<p class=\"p2\"><b>1. Stiftungszweck<\/b><\/p>\n<p class=\"p2\">Gef\u00f6rdert werden:<\/p>\n<p class=\"p3\">&#8211; Bildung, Erziehung<\/p>\n<p class=\"p3\">&#8211; Musik<\/p>\n<p class=\"p3\">&#8211; Kultur: Tanz, darstellender Kunst, bildender-Kunst<\/p>\n<p class=\"p2\">&#8211; Sport f\u00fcr Menschen aller Altersklassen und Menschen mit Behinderung<\/p>\n<p class=\"p1\">Der Stiftungszweck wird insbesondere durch die Unterst\u00fctzung von Vereinen, die F\u00f6rderung und Durchf\u00fchrung von Projekten sowie einzelner Veranstaltungen und Ausstellungen verwirklicht.<\/p>\n<p class=\"p2\"><b>2. F\u00f6rdervoraussetzungen<\/b><\/p>\n<p class=\"p1\">Die Renate und Waltraut Sick Stiftung verfolgt ausschlie\u00dflich und unmittelbar gemeinn\u00fctzige Zwecke im Sinne des Abschnitts \u201eSteuerbeg\u00fcnstigte Zwecke\u201c der Abgabenordnung. F\u00f6rderempf\u00e4nger m\u00fcssen juristische Personen sein, die die Anerkennung der Gemeinn\u00fctzigkeit nachweisen k\u00f6nnen. Die F\u00f6rderungen werden projektbezogen gew\u00e4hrt und sollten zeitnah verwendet werden.<\/p>\n<p class=\"p2\"><b>3. F\u00f6rderantrag<\/b><\/p>\n<p class=\"p2\">Der Antrag zur F\u00f6rderung ist in schriftlicher Form an die Renate und Waltraut Sick Stiftung zu stellen. Er sollte insbesondere eine aussagekr\u00e4ftige Beschreibung des zu f\u00f6rdernden Projektes, einen Kostenvoranschlag sowie einen Finanzierungsplan beinhalten. Dabei sollten ggfs. auch weitere Finanzierungsquellen aufgezeigt werden.<\/p>\n<p class=\"p1\">Bitte verwenden Sie das zum Download bereitgestellte Formular der Stiftung.<\/p>\n<p class=\"p1\">Hier: Download-Formular \u201eF\u00f6rderantrag\u201c<\/p>\n<p class=\"p2\"><b>4. Vergabegrunds\u00e4tze<\/b><\/p>\n<p class=\"p2\">Eine F\u00f6rderung kann nur im Rahmen des Stiftungszwecks erfolgen. Die Renate und Waltraut Sick Stiftung entscheidet nach eigenem Ermessen im Rahmen ihrer satzungsgem\u00e4\u00dfen Vorgaben und auf Basis der ihr zur Verf\u00fcgung stehenden Mittel. Die F\u00f6rderung ist eine freiwillige Leistung, auf die kein Rechtsanspruch besteht. Dies gilt auch dann, wenn die F\u00f6rdervoraussetzungen erf\u00fcllt sind.<\/p>\n<p class=\"p2\">Die Entscheidung, ob und inwieweit gef\u00f6rdert wird, wird vom Stiftungsrat getroffen. Sie erhalten eine schriftliche Zu- oder Absage von der Gesch\u00e4ftsstelle der Renate und Waltraut Sick Stiftung.<\/p>\n<p class=\"p2\">Die F\u00f6rderungen der Stiftung sind immer zweckgebunden. Der F\u00f6rderempf\u00e4nger verpflichtet sich, die erhaltenen Mittel ausschlie\u00dflich f\u00fcr den im Antrag beschriebenen Zweck und damit f\u00fcr die Verwirklichung steuerbeg\u00fcnstigter Zwecke im Sinne des Abschnitts \u201eSteuerbeg\u00fcnstigte Zwecke\u201c der Abgabenordnung zu verwenden.<\/p>\n<p class=\"p2\">Es ist nicht erlaubt, die F\u00f6rdermittel oder ein Teil f\u00fcr andere Zwecke zu verwenden.<\/p>\n<p class=\"p2\">Sollten sich nach dem Einreichen des F\u00f6rderantrags oder auch im Verlauf des Projektes \u00c4nderungen ergeben, sind diese unverz\u00fcglich der Renate und Waltraut Sick Stiftung mitzuteilen.<\/p>\n<p class=\"p2\">Gegebenenfalls ist der F\u00f6rderempf\u00e4nger verpflichtet, die F\u00f6rdermittel zur\u00fcckzuerstatten.<\/p>\n<p class=\"p2\">Sollte der F\u00f6rderempf\u00e4nger sich nicht an diese F\u00f6rderrichtlinie halten, ist die Renate und Waltraut Sick Stiftung berechtigt, bereits ausgezahlte F\u00f6rdermittel zur\u00fcckzuverlangen.<\/p>\n<p class=\"p2\">Bei der Realisierung der gef\u00f6rderten Projekte sind die F\u00f6rderempf\u00e4nger f\u00fcr die Einhaltung gesetzlicher Bestimmungen, beh\u00f6rdlicher Anordnungen, Sicherheits- und Unfallverh\u00fctungsma\u00dfnahmen etc. verantwortlich. Die Renate und Waltraut Sick Stiftung \u00fcbernimmt f\u00fcr eventuelle Sch\u00e4den, die aus der Durchf\u00fchrung des Projektes entstanden sind, keine Verantwortung und sie ist vom F\u00f6rderempf\u00e4nger schadlos zu halten.<\/p>\n<p class=\"p1\"><b>Nicht gef\u00f6rdert werden:<\/b><\/p>\n<p class=\"p1\">&#8211; Projekte, die au\u00dferhalb des Stiftungszwecks liegen<\/p>\n<p class=\"p1\">&#8211; Projekte mit politischem oder religi\u00f6sem Hintergrund<\/p>\n<p class=\"p1\">&#8211; Parteien oder parteinahe Institutionen<\/p>\n<p class=\"p1\">&#8211; Feste, Jubil\u00e4en, Tagungen o.\u00e4.<\/p>\n<p>&#8211; Einzelpersonen<\/p>\n<p>&#8211; Projekte au\u00dferhalb der Region Freiburg<\/p>\n<p class=\"p2\"><b>5. Auszahlung<\/b><\/p>\n<p class=\"p2\">Die Auszahlung von Finanzmitteln erfolgt nach Bewilligung des Antrags.<\/p>\n<p class=\"p2\">6.\u00a0<b>Verwendungsnachweis\u00a0<\/b>Nach Abschluss des Projektes bitten wir um die Zusendung einer Zuwendungsbest\u00e4tigung sowie eines kurzen Abschlussberichts, der auch Auskunft \u00fcber die Verwendung der bewilligten Mittel gibt.<\/p>\n<p class=\"p2\">7.\u00a0<b>Presse- und \u00d6ffentlichkeitsarbeit<\/b><\/p>\n<p class=\"p2\">Die Presse- und \u00d6ffentlichkeitsarbeit im Zusammenhang mit der \u00f6ffentlichen Bekanntgabe einer Spende sollte in vorheriger Abstimmung mit der Renate und Waltraut Sick Stiftung erfolgen.<\/p>\n<p class=\"p2\">So sollten alle das Projekt betreffende Aktivit\u00e4ten in der Presse- und \u00d6ffentlichkeitsarbeit (wie Pressemitteilungen, Einladungen, Programme, Flyer, Website) einen Hinweis auf die F\u00f6rderungen enthalten, z.B. unter Ber\u00fccksichtigung des Stiftungslogos.<\/p>\n<p class=\"p2\">Die Renate und Waltraut Sick Stiftung beh\u00e4lt sich zudem vor, die Presse und \u00d6ffentlichkeit \u00fcber die von ihr gef\u00f6rderten Projekte zu informieren. Zu diesem Zweck hat der F\u00f6rdermittelempf\u00e4nger der Stiftung auf Wunsch Text- und Bildmaterial zur Verf\u00fcgung zu stellen.<\/p>\n<p class=\"p2\">Renate und Waltraut Sick Stiftung Wallstra\u00dfe 79098 Freiburg<\/p>\n<p class=\"p2\">Telefon 0761 282 91 99<\/p>\n<p class=\"p2\">Fax 0761 282 91 90<\/p>\n<p class=\"p2\">ges@sick-stiftung.org<\/p>\n<p class=\"p2\">www.sick-stiftung.org<\/p>\n<p class=\"p2\">Stand Juni 2017<\/p>\n<\/div><\/div><\/div><\/div><\/div>\n<div class=\"table-1\">\n<table width=\"100%\">\n<tbody>\n<tr>\n<td align=\"left\"><strong> F\u00f6rderrichtlinien hier downloaden:<\/strong><\/td>\n<td align=\"left\"><a href=\"https:\/\/www.sick-stiftung.org\/ges\/wp-content\/uploads\/2017\/05\/pdf-225x225.png\"><img class=\"alignleft wp-image-2311\" src=\"https:\/\/www.sick-stiftung.org\/ges\/wp-content\/uploads\/2017\/05\/pdf-225x225.png\" alt=\"\" width=\"39\" height=\"44\" \/><\/a><a href=\"https:\/\/sick-stiftung.org\/rws\/wp-content\/uploads\/2021\/05\/SST-rws-foerderrichtlinien-lay-01.pdf\" target=\"_blank\" rel=\"noopener\">Renate und Waltraut Sick \u2013 F\u00f6rderrichtlinien<\/a><\/td>\n<\/tr>\n<\/tbody>\n<\/table>\n<\/div>\n<div class=\"fusion-clearfix\"><\/div><\/div><\/div><\/div><\/div><\/div><div id=\"foerderantrag\"><div class=\"fusion-fullwidth fullwidth-box fusion-builder-row-2 nonhundred-percent-fullwidth non-hundred-percent-height-scrolling\" style=\"background-color: rgba(255,255,255,0);background-position: center center;background-repeat: no-repeat;padding-top:0px;padding-right:0px;padding-bottom:0px;padding-left:0px;margin-bottom: 0px;margin-top: 4%;border-width: 0px 0px 0px 0px;border-color:#eae9e9;border-style:solid;\" ><div class=\"fusion-builder-row fusion-row\"><div class=\"fusion-layout-column fusion_builder_column fusion-builder-column-1 fusion_builder_column_1_1 1_1 fusion-one-full fusion-column-first fusion-column-last\" style=\"margin-top:0px;margin-bottom:20px;\"><div class=\"fusion-column-wrapper fusion-flex-column-wrapper-legacy\" style=\"background-position:left top;background-repeat:no-repeat;-webkit-background-size:cover;-moz-background-size:cover;-o-background-size:cover;background-size:cover;padding: 0px 0px 0px 0px;\"><style type=\"text\/css\"><\/style><div class=\"fusion-title title fusion-title-2 fusion-sep-none fusion-title-center fusion-title-text fusion-title-size-two\" style=\"margin-top:0px;margin-bottom:31px;\"><h2 class=\"title-heading-center\" style=\"margin:0;\"><h2>F\u00f6rderantrag<\/h2><\/h2><\/div><div class=\"fusion-sep-clear\"><\/div><div class=\"fusion-separator\" style=\"margin-left: auto;margin-right: auto;width:100%;max-width:70%;\"><div class=\"fusion-separator-border sep-single sep-solid\" style=\"border-color:#e0dede;border-top-width:1px;\"><\/div><\/div><div class=\"fusion-sep-clear\"><\/div><div class=\"fusion-sep-clear\"><\/div><div class=\"fusion-separator fusion-full-width-sep\" style=\"margin-left: auto;margin-right: auto;margin-top:3%;width:100%;\"><\/div><div class=\"fusion-sep-clear\"><\/div><div class=\"fusion-text fusion-text-2\" style=\"transform:translate3d(0,0,0);\"><p class=\"p1\">F\u00f6rderantr\u00e4ge k\u00f6nnen jederzeit in schriftlicher Form bei der Renate und Waltraut Sick Stiftung auf dem Postweg eingereicht werden.\u00a0Bitte beachten Sie, dass Ihr F\u00f6rderantrag sp\u00e4testens 6 Monate vor Beginn Ihres Projektes bei uns eingeht.<\/p>\n<p class=\"p1\">Der Antrag sollte insbesondere eine aussagekr\u00e4ftige Beschreibung des zu f\u00f6rdernden Projektes, einen Kostenvoranschlag sowie einen Finanzierungsplan beinhalten. Dabei sollten ggfs. auch weitere Finanzierungsquellen aufgezeigt werden.<\/p>\n<\/div>\n<div class=\"table-1\">\n<table width=\"100%\">\n<tbody>\n<tr>\n<td align=\"left\"><strong> F\u00f6rderantrag hier downloaden:<\/strong><\/td>\n<td align=\"left\"><a href=\"https:\/\/sick-stiftung.org\/rws\/wp-content\/uploads\/2017\/10\/SST-rws-f\u00f6rderantrag-lay-01.pdf\"><img class=\"alignleft wp-image-2311\" src=\"https:\/\/www.sick-stiftung.org\/ges\/wp-content\/uploads\/2017\/05\/pdf-225x225.png\" alt=\"\" width=\"39\" height=\"44\" \/><\/a><a href=\"https:\/\/sick-stiftung.org\/rws\/wp-content\/uploads\/2018\/12\/SST-rws-foerderantrag-lay-03.pdf\">Renate und Waltraut Sick &#8211; F\u00f6rderantrag<\/a><\/td>\n<\/tr>\n<\/tbody>\n<\/table>\n<\/div>\n<div class=\"fusion-clearfix\"><\/div><\/div><\/div><\/div><\/div><\/div><\/p>\n","protected":false},"excerpt":{"rendered":"","protected":false},"author":1,"featured_media":0,"parent":0,"menu_order":0,"comment_status":"closed","ping_status":"closed","template":"","meta":[],"_links":{"self":[{"href":"https:\/\/sick-stiftung.org\/rws\/wp-json\/wp\/v2\/pages\/762"}],"collection":[{"href":"https:\/\/sick-stiftung.org\/rws\/wp-json\/wp\/v2\/pages"}],"about":[{"href":"https:\/\/sick-stiftung.org\/rws\/wp-json\/wp\/v2\/types\/page"}],"author":[{"embeddable":true,"href":"https:\/\/sick-stiftung.org\/rws\/wp-json\/wp\/v2\/users\/1"}],"replies":[{"embeddable":true,"href":"https:\/\/sick-stiftung.org\/rws\/wp-json\/wp\/v2\/comments?post=762"}],"version-history":[{"count":56,"href":"https:\/\/sick-stiftung.org\/rws\/wp-json\/wp\/v2\/pages\/762\/revisions"}],"predecessor-version":[{"id":1665,"href":"https:\/\/sick-stiftung.org\/rws\/wp-json\/wp\/v2\/pages\/762\/revisions\/1665"}],"wp:attachment":[{"href":"https:\/\/sick-stiftung.org\/rws\/wp-json\/wp\/v2\/media?parent=762"}],"curies":[{"name":"wp","href":"https:\/\/api.w.org\/{rel}","templated":true}]}}