{"id":180,"date":"2017-04-12T11:59:18","date_gmt":"2017-04-12T09:59:18","guid":{"rendered":"http:\/\/sick-stiftung.org\/rws\/?page_id=180"},"modified":"2023-01-30T10:10:48","modified_gmt":"2023-01-30T09:10:48","slug":"stiftung","status":"publish","type":"page","link":"https:\/\/sick-stiftung.org\/rws\/stiftung\/","title":{"rendered":"Die Stiftung"},"content":{"rendered":"<p><div id=\"portrait\"><div class=\"fusion-fullwidth fullwidth-box fusion-builder-row-1 nonhundred-percent-fullwidth non-hundred-percent-height-scrolling\" style=\"background-color: rgba(255,255,255,0);background-position: center center;background-repeat: no-repeat;padding-top:0px;padding-right:5%;padding-bottom:0px;padding-left:5%;margin-bottom: 0px;margin-top: 0px;border-width: 0px 0px 0px 0px;border-color:#eae9e9;border-style:solid;\" ><div class=\"fusion-builder-row fusion-row\"><div class=\"fusion-layout-column fusion_builder_column fusion-builder-column-0 fusion_builder_column_1_1 1_1 fusion-one-full fusion-column-first fusion-column-last\" style=\"margin-top:0px;margin-bottom:20px;\"><div class=\"fusion-column-wrapper fusion-flex-column-wrapper-legacy\" style=\"background-position:left top;background-repeat:no-repeat;-webkit-background-size:cover;-moz-background-size:cover;-o-background-size:cover;background-size:cover;padding: 0px 5% 0px 5%;\"><div class=\"fusion-sep-clear\"><\/div><div class=\"fusion-separator fusion-full-width-sep\" style=\"margin-left: auto;margin-right: auto;margin-top:3%;width:100%;\"><\/div><div class=\"fusion-sep-clear\"><\/div><style type=\"text\/css\"><\/style><div class=\"fusion-title title fusion-title-1 fusion-sep-none fusion-title-center fusion-title-text fusion-title-size-two\" style=\"margin-top:0px;margin-bottom:31px;\"><h2 class=\"title-heading-center\" style=\"margin:0;\"><h1>Stiftungsportrait<\/h1><\/h2><\/div><div class=\"fusion-sep-clear\"><\/div><div class=\"fusion-separator\" style=\"margin-left: auto;margin-right: auto;margin-bottom:3%;width:100%;max-width:70%;\"><div class=\"fusion-separator-border sep-single sep-solid\" style=\"border-color:#e0dede;border-top-width:1px;\"><\/div><\/div><div class=\"fusion-sep-clear\"><\/div><div class=\"fusion-sep-clear\"><\/div><div class=\"fusion-separator\" style=\"margin-left: auto;margin-right: auto;margin-bottom:2%;width:100%;max-width:50%;\"><\/div><div class=\"fusion-sep-clear\"><\/div><div class=\"fusion-text fusion-text-1\" style=\"transform:translate3d(0,0,0);\"><p style=\"font-size: 2.5em; font-weight: normal; text-align: center;\"><em>\u201eEs gibt nichts Gutes au\u00dfer man tut es\u201c (Erich K\u00e4stner)<\/em><\/p>\n<\/div><div class=\"fusion-text fusion-text-2\" style=\"transform:translate3d(0,0,0);\"><h1 style=\"text-align: center;\"><\/h1>\n<p>Menschen mobilisieren\u00a0\u2013 im physischen wie im \u00fcbertragenen Sinn \u2013 das ist das Herzensanliegen der Stifterin Renate Sick-Glaser. So ist Sport f\u00fcr Menschen aller Altersklassen und Menschen mit Behinderung einer der Schwerpunkte der Stiftungshilfe. Dar\u00fcber hinaus will die Stiftung Menschen in Bewegung bringen, die auf Unterst\u00fctzung und Hilfe angewiesen sind. Dabei beschr\u00e4nkt sich das Engagement nicht alleine auf Geldspenden. Es werden vielmehr vorwiegend Projekte und Aktionen gef\u00f6rdert, die durch kulturelle und kreative Impulse die Teilnehmer dazu anregen, ihre eigenen Talente und St\u00e4rken zu entdecken und auch einzusetzen.<\/p>\n<p>Im Jahr 2013 gr\u00fcndete Renate Sick-Glaser, auch im Namen ihrer derzeit schon schwer erkrankten Schwester Waltraut, die Renate und Waltraut Sick Stiftung F\u00fcr die T\u00f6chter von Dr. Ing. e. h. Erwin Sick, dem Gr\u00fcnder der SICK AG in Waldkirch, war dieser Schritt eine Selbstverst\u00e4ndlichkeit. In Waldkirch sind die Schwestern gro\u00df geworden, hier haben sie ihre pr\u00e4gende Kindheit verbracht. Aufgrund der Liebe zu ihrer Heimat wollten sie dieser f\u00fcr sie so wichtigen Region etwas zur\u00fcckgeben. Das soziale Engagement war bereits zuvor immer ein gro\u00dfes Anliegen der beiden Schwestern. Die Stiftungsgr\u00fcndung daher eine logische Konsequenz.<\/p>\n<p>Die Renate und Waltraut Sick Stiftung f\u00f6rdert durch die Vergabe von Geld- und Sachspenden sowie durch die pers\u00f6nliche Beratung und Vernetzung von Antragsstellern vorwiegend Projekte in der Region Freiburg. Zudem f\u00f6rdert die Stiftung einzelne internationale Initiativen.<\/p>\n<p>Besonderes Augenmerk wird auf Projekte gelegt, die kreatives Schaffen zur Pers\u00f6nlichkeitsbildung oder -st\u00e4rkung einsetzen.<br \/>\nDie Stiftungszwecke entsprechen den pers\u00f6nlichen Interessen und beruflichen Neigungen der Stifterinnen.<\/p>\n<p><strong>Renate Sick-Glaser:<\/strong> Kultur, Bildung, Erziehung, Sport Allgemein und Sport f\u00fcr Menschen mit Behinderung.<br \/>\n<strong>Waltraut Sick:<\/strong> Bildende Kunst<\/p>\n<p>Auf dieser Grundlage f\u00f6rdert die Renate und Waltraut Sick Stiftung von Beginn an z.B. die Stra\u00dfenschule Freiburg, den Verein zur F\u00f6rderung des nordischen Behinderten-Skilauf Deutschland e.V., LiveMusicNow sowie zahlreiche, dem Stiftungszweck entsprechende, Einzelprojekte.<\/p>\n<\/div><div class=\"fusion-sep-clear\"><\/div><div class=\"fusion-separator fusion-full-width-sep\" style=\"margin-left: auto;margin-right: auto;margin-top:6%;width:100%;\"><\/div><div class=\"fusion-sep-clear\"><\/div><div class=\"fusion-clearfix\"><\/div><\/div><\/div><\/div><\/div><\/div><div id=\"stifter\"><div class=\"fusion-fullwidth fullwidth-box fusion-builder-row-2 nonhundred-percent-fullwidth non-hundred-percent-height-scrolling\" style=\"background-color: #f9f9f9;background-position: center center;background-repeat: no-repeat;padding-top:0px;padding-right:0px;padding-bottom:0px;padding-left:0px;margin-bottom: 0px;margin-top: 0px;border-width: 0px 0px 0px 0px;border-color:#eae9e9;border-style:solid;\" ><div class=\"fusion-builder-row fusion-row\"><div class=\"fusion-layout-column fusion_builder_column fusion-builder-column-1 fusion_builder_column_1_1 1_1 fusion-one-full fusion-column-first fusion-column-last\" style=\"margin-top:0px;margin-bottom:20px;\"><div class=\"fusion-column-wrapper fusion-flex-column-wrapper-legacy\" style=\"background-position:left top;background-repeat:no-repeat;-webkit-background-size:cover;-moz-background-size:cover;-o-background-size:cover;background-size:cover;padding: 0px 0px 0px 0px;\"><div class=\"fusion-sep-clear\"><\/div><div class=\"fusion-separator fusion-full-width-sep\" style=\"margin-left: auto;margin-right: auto;margin-top:3%;width:100%;\"><\/div><div class=\"fusion-sep-clear\"><\/div><style type=\"text\/css\"><\/style><div class=\"fusion-title title fusion-title-2 fusion-sep-none fusion-title-center fusion-title-text fusion-title-size-two\" style=\"margin-top:0px;margin-bottom:31px;\"><h2 class=\"title-heading-center\" style=\"margin:0;\"><h2>Die Stifterinnen<\/h2><\/h2><\/div><div class=\"fusion-sep-clear\"><\/div><div class=\"fusion-separator\" style=\"margin-left: auto;margin-right: auto;margin-bottom:3%;width:100%;max-width:70%;\"><div class=\"fusion-separator-border sep-single sep-solid\" style=\"border-color:#e0dede;border-top-width:1px;\"><\/div><\/div><div class=\"fusion-sep-clear\"><\/div><div class=\"fusion-sep-clear\"><\/div><div class=\"fusion-separator\" style=\"margin-left: auto;margin-right: auto;margin-bottom:3%;width:100%;max-width:50%;\"><\/div><div class=\"fusion-sep-clear\"><\/div><div class=\"fusion-clearfix\"><\/div><\/div><\/div><div class=\"fusion-layout-column fusion_builder_column fusion-builder-column-2 fusion_builder_column_1_2 1_2 fusion-one-half fusion-column-first\" style=\"width:50%;width:calc(50% - ( ( 4% ) * 0.5 ) );margin-right: 4%;margin-top:0px;margin-bottom:20px;\"><div class=\"fusion-column-wrapper fusion-flex-column-wrapper-legacy\" style=\"background-position:left top;background-repeat:no-repeat;-webkit-background-size:cover;-moz-background-size:cover;-o-background-size:cover;background-size:cover;padding: 0px 0px 0px 0px;\"><div class=\"fusion-text fusion-text-3\" style=\"transform:translate3d(0,0,0);\"><p><img class=\"aligncenter wp-image-1295 size-full\" src=\"https:\/\/sick-stiftung.org\/rws\/wp-content\/uploads\/2017\/04\/Sick-Glaser-web-neu.jpg\" alt=\"\" width=\"507\" height=\"510\" srcset=\"https:\/\/sick-stiftung.org\/rws\/wp-content\/uploads\/2017\/04\/Sick-Glaser-web-neu-66x66.jpg 66w, https:\/\/sick-stiftung.org\/rws\/wp-content\/uploads\/2017\/04\/Sick-Glaser-web-neu-200x201.jpg 200w, https:\/\/sick-stiftung.org\/rws\/wp-content\/uploads\/2017\/04\/Sick-Glaser-web-neu-298x300.jpg 298w, https:\/\/sick-stiftung.org\/rws\/wp-content\/uploads\/2017\/04\/Sick-Glaser-web-neu-400x402.jpg 400w, https:\/\/sick-stiftung.org\/rws\/wp-content\/uploads\/2017\/04\/Sick-Glaser-web-neu.jpg 507w\" sizes=\"(max-width: 507px) 100vw, 507px\" \/><\/p>\n<div class=\"fusion-sep-clear\"><\/div><div class=\"fusion-separator\" style=\"margin-left: auto;margin-right: auto;margin-top:4%;width:100%;max-width:50%;\"><div class=\"fusion-separator-border sep-single sep-solid\" style=\"border-color:#fffcfc;border-top-width:1px;\"><\/div><\/div><div class=\"fusion-sep-clear\"><\/div>\n<h3>Renate Sick-Glaser<\/h3>\n<p>Nach einigen Jahren Tanzausbildung, absolvierte Renate Sick-Glaser ab 1971 eine Ausbildung zur Krankengymnastin.<\/p>\n<p>Seit 1973 arbeitete sie als staatlich gepr\u00fcfte Krankengymnastin in verschiedenen Bereichen der Orthop\u00e4die, P\u00e4diatrie und Neurologie, unter anderem im Spastiker-Zentrum in M\u00fcnchen und im Behindertenheim Buchloe bei Landsberg am Lech. Anschlie\u00dfend arbeitete Renate Sick-Glaser viele Jahre als selbst\u00e4ndige Krankengymnastin in der Region.<\/p>\n<p>Aufgrund ihrer Erfahrungen in diesem Bereich sieht sie\u00a0einen besonderen Bedarf an sportlicher F\u00f6rderung von Menschen aller Altersklassen und Menschen mit Behinderung. Im Jahr 2007 wurde Renate Sick-Glaser in den Aufsichtsrat der SICK AG gew\u00e4hlt. Um n\u00e4her beim Unternehmen zu sein und sich ihren dortigen Aufgaben intensiver widmen zu k\u00f6nnen, zog sie im Jahr 2009 nach Freiburg. Besonders engagiert sie sich in der SICK AG in den Bereichen Ausbildung und Gesundheit der Mitarbeiter.<\/p>\n<\/div><div class=\"fusion-clearfix\"><\/div><\/div><\/div><div class=\"fusion-layout-column fusion_builder_column fusion-builder-column-3 fusion_builder_column_1_2 1_2 fusion-one-half fusion-column-last\" style=\"width:50%;width:calc(50% - ( ( 4% ) * 0.5 ) );margin-top:0px;margin-bottom:20px;\"><div class=\"fusion-column-wrapper fusion-flex-column-wrapper-legacy\" style=\"background-position:left top;background-repeat:no-repeat;-webkit-background-size:cover;-moz-background-size:cover;-o-background-size:cover;background-size:cover;padding: 0px 0px 0px 0px;\"><div class=\"fusion-text fusion-text-4\" style=\"transform:translate3d(0,0,0);\"><p><img class=\"aligncenter wp-image-1339 size-full\" src=\"https:\/\/sick-stiftung.org\/rws\/wp-content\/uploads\/2017\/04\/Waltraut-Sick-web-final.jpg\" alt=\"\" width=\"507\" height=\"510\" srcset=\"https:\/\/sick-stiftung.org\/rws\/wp-content\/uploads\/2017\/04\/Waltraut-Sick-web-final-66x66.jpg 66w, https:\/\/sick-stiftung.org\/rws\/wp-content\/uploads\/2017\/04\/Waltraut-Sick-web-final-200x201.jpg 200w, https:\/\/sick-stiftung.org\/rws\/wp-content\/uploads\/2017\/04\/Waltraut-Sick-web-final-298x300.jpg 298w, https:\/\/sick-stiftung.org\/rws\/wp-content\/uploads\/2017\/04\/Waltraut-Sick-web-final-400x402.jpg 400w, https:\/\/sick-stiftung.org\/rws\/wp-content\/uploads\/2017\/04\/Waltraut-Sick-web-final.jpg 507w\" sizes=\"(max-width: 507px) 100vw, 507px\" \/><\/p>\n<div class=\"fusion-sep-clear\"><\/div><div class=\"fusion-separator\" style=\"margin-left: auto;margin-right: auto;margin-top:4%;width:100%;max-width:50%;\"><div class=\"fusion-separator-border sep-single sep-solid\" style=\"border-color:#fffcfc;border-top-width:1px;\"><\/div><\/div><div class=\"fusion-sep-clear\"><\/div>\n<h3>Waltraut Sick (1945-2013)<\/h3>\n<p>Waltraut Sick studierte von 1967-1970 an der Akademie f\u00fcr das grafische Gewerbe in M\u00fcnchen und anschlie\u00dfend von 1970-1975 an der Akademie der bildenden K\u00fcnste in Berlin.<\/p>\n<p>Als erfolgreiche Kinderbuch-Illustratorin ver\u00f6ffentlichte sie in Zusammenarbeit mit namhaften Verlagen, wie z. B. dem Ravensburger Verlag, zahlreiche popul\u00e4re Kinderb\u00fccher. Darunter \u201eKater Timtetater\u201c (1993) oder \u201eWas lebt in unserem Garten\u201c (1983). Waltraut Sick verstarb im Juli 2013 nach jahrelanger schwerer Krankheit.<\/p>\n<\/div><div class=\"fusion-clearfix\"><\/div><\/div><\/div><div class=\"fusion-layout-column fusion_builder_column fusion-builder-column-4 fusion_builder_column_1_1 1_1 fusion-one-full fusion-column-first fusion-column-last\" style=\"margin-top:0px;margin-bottom:20px;\"><div class=\"fusion-column-wrapper fusion-flex-column-wrapper-legacy\" style=\"background-position:left top;background-repeat:no-repeat;-webkit-background-size:cover;-moz-background-size:cover;-o-background-size:cover;background-size:cover;padding: 2% 0px 0px 0px;\"><div class=\"fusion-sep-clear\"><\/div><div class=\"fusion-separator fusion-full-width-sep\" style=\"margin-left: auto;margin-right: auto;margin-top:2%;width:100%;\"><\/div><div class=\"fusion-sep-clear\"><\/div><div class=\"fusion-clearfix\"><\/div><\/div><\/div><\/div><\/div><\/div><div id=\"gremien\"><div class=\"fusion-fullwidth fullwidth-box fusion-builder-row-3 nonhundred-percent-fullwidth non-hundred-percent-height-scrolling\" style=\"background-color: rgba(255,255,255,0);background-position: center center;background-repeat: no-repeat;padding-top:0px;padding-right:0px;padding-bottom:0px;padding-left:0px;margin-bottom: 0px;margin-top: 0px;border-width: 0px 0px 0px 0px;border-color:#eae9e9;border-style:solid;\" ><div class=\"fusion-builder-row fusion-row\"><div class=\"fusion-layout-column fusion_builder_column fusion-builder-column-5 fusion_builder_column_1_1 1_1 fusion-one-full fusion-column-first fusion-column-last\" style=\"margin-top:0px;margin-bottom:20px;\"><div class=\"fusion-column-wrapper fusion-flex-column-wrapper-legacy\" style=\"background-position:left top;background-repeat:no-repeat;-webkit-background-size:cover;-moz-background-size:cover;-o-background-size:cover;background-size:cover;padding: 0px 0px 0px 0px;\"><div class=\"fusion-sep-clear\"><\/div><div class=\"fusion-separator fusion-full-width-sep\" style=\"margin-left: auto;margin-right: auto;margin-top:3%;width:100%;\"><\/div><div class=\"fusion-sep-clear\"><\/div><style type=\"text\/css\"><\/style><div class=\"fusion-title title fusion-title-3 fusion-sep-none fusion-title-center fusion-title-text fusion-title-size-two\" style=\"margin-top:0px;margin-bottom:31px;\"><h2 class=\"title-heading-center\" style=\"margin:0;\"><h2>Gremien<\/h2><\/h2><\/div><div class=\"fusion-sep-clear\"><\/div><div class=\"fusion-separator\" style=\"margin-left: auto;margin-right: auto;margin-bottom:3%;width:100%;max-width:70%;\"><div class=\"fusion-separator-border sep-single sep-solid\" style=\"border-color:#e0dede;border-top-width:1px;\"><\/div><\/div><div class=\"fusion-sep-clear\"><\/div><div class=\"fusion-sep-clear\"><\/div><div class=\"fusion-separator\" style=\"margin-left: auto;margin-right: auto;margin-bottom:3%;width:100%;max-width:50%;\"><\/div><div class=\"fusion-sep-clear\"><\/div><div class=\"fusion-content-boxes content-boxes columns row fusion-columns-2 fusion-columns-total-2 fusion-content-boxes-1 content-boxes-icon-boxed content-left\" data-animationOffset=\"100%\" style=\"margin-top:0px;margin-bottom:60px;\"><style type=\"text\/css\">.fusion-content-boxes-1 .heading .content-box-heading {color:#333333;}\n\t\t\t\t\t.fusion-content-boxes-1 .fusion-content-box-hover .link-area-link-icon-hover .heading .content-box-heading,\n\t\t\t\t\t.fusion-content-boxes-1 .fusion-content-box-hover .link-area-link-icon-hover .heading .heading-link .content-box-heading,\n\t\t\t\t\t.fusion-content-boxes-1 .fusion-content-box-hover .link-area-box-hover .heading .content-box-heading,\n\t\t\t\t\t.fusion-content-boxes-1 .fusion-content-box-hover .link-area-box-hover .heading .heading-link .content-box-heading,\n\t\t\t\t\t.fusion-content-boxes-1 .fusion-content-box-hover .link-area-link-icon-hover.link-area-box .fusion-read-more,\n\t\t\t\t\t.fusion-content-boxes-1 .fusion-content-box-hover .link-area-link-icon-hover.link-area-box .fusion-read-more::after,\n\t\t\t\t\t.fusion-content-boxes-1 .fusion-content-box-hover .link-area-link-icon-hover.link-area-box .fusion-read-more::before,\n\t\t\t\t\t.fusion-content-boxes-1 .fusion-content-box-hover .fusion-read-more:hover:after,\n\t\t\t\t\t.fusion-content-boxes-1 .fusion-content-box-hover .fusion-read-more:hover:before,\n\t\t\t\t\t.fusion-content-boxes-1 .fusion-content-box-hover .fusion-read-more:hover,\n\t\t\t\t\t.fusion-content-boxes-1 .fusion-content-box-hover .link-area-box-hover.link-area-box .fusion-read-more,\n\t\t\t\t\t.fusion-content-boxes-1 .fusion-content-box-hover .link-area-box-hover.link-area-box .fusion-read-more::after,\n\t\t\t\t\t.fusion-content-boxes-1 .fusion-content-box-hover .link-area-box-hover.link-area-box .fusion-read-more::before,\n\t\t\t\t\t.fusion-content-boxes-1 .fusion-content-box-hover .link-area-link-icon-hover .icon .circle-no,\n\t\t\t\t\t.fusion-content-boxes-1 .heading .heading-link:hover .content-box-heading {\n\t\t\t\t\t\tcolor: #f1876c;\n\t\t\t\t\t}\n\t\t\t\t\t.fusion-content-boxes-1 .fusion-content-box-hover .link-area-box-hover .icon .circle-no {\n\t\t\t\t\t\tcolor: #f1876c !important;\n\t\t\t\t\t}.fusion-content-boxes-1 .fusion-content-box-hover .link-area-box.link-area-box-hover .fusion-content-box-button {background: #f1876c;color: #ffffff;}.fusion-content-boxes-1 .fusion-content-box-hover .link-area-box.link-area-box-hover .fusion-content-box-button .fusion-button-text {color: #ffffff;}\n\t\t\t\t\t.fusion-content-boxes-1 .fusion-content-box-hover .link-area-link-icon-hover .heading .icon > span {\n\t\t\t\t\t\tbackground-color: #f1876c !important;\n\t\t\t\t\t}\n\t\t\t\t\t.fusion-content-boxes-1 .fusion-content-box-hover .link-area-box-hover .heading .icon > span {\n\t\t\t\t\t\tborder-color: #f1876c !important;\n\t\t\t\t\t}<\/style><div class=\"fusion-column content-box-column content-box-column content-box-column-1 col-lg-6 col-md-6 col-sm-6 fusion-content-box-hover content-box-column-first-in-row\"><div class=\"col content-box-wrapper content-wrapper-background content-wrapper-boxed link-area-link-icon icon-hover-animation-fade\" style=\"background-color:#f9f9f9;\" data-animationOffset=\"100%\"><div class=\"heading heading-with-icon icon-left\"><div class=\"icon\"><i style=\"border-color:#333333;border-width:0px;background-color:#f1876c;box-sizing:content-box;height:80px;width:80px;line-height:80px;top:-90px;margin-left:-40px;border-radius:50%;color:#ffffff;font-size:40px;\" aria-hidden=\"true\" class=\"fontawesome-icon fa-user fas circle-yes\"><\/i><\/div><h2 class=\"content-box-heading\" style=\"font-size:18px;line-height:23px;\">Stiftungsrat<\/h2><\/div><div class=\"fusion-clearfix\"><\/div><div class=\"content-container\" style=\"color:#747474;\">\n<p style=\"text-align: center;\">Renate Sick-Glaser<\/p>\n<p style=\"text-align: center;\">Dr. Michael Kaiser<\/p>\n<p style=\"text-align: center;\">Karin Sch\u00e4fer<\/p>\n<p style=\"font-weight: 400; text-align: center;\">Tanja Santner<\/p>\n<p style=\"font-weight: 400; text-align: center;\">Franz Bausch<\/p>\n<\/div><\/div><\/div><div class=\"fusion-column content-box-column content-box-column content-box-column-2 col-lg-6 col-md-6 col-sm-6 fusion-content-box-hover content-box-column-last content-box-column-last-in-row\"><div class=\"col content-box-wrapper content-wrapper-background content-wrapper-boxed link-area-link-icon icon-hover-animation-fade\" style=\"background-color:#f9f9f9;\" data-animationOffset=\"100%\"><div class=\"heading heading-with-icon icon-left\"><div class=\"icon\"><i style=\"border-color:#333333;border-width:0px;background-color:#f1876c;box-sizing:content-box;height:80px;width:80px;line-height:80px;top:-90px;margin-left:-40px;border-radius:50%;color:#ffffff;font-size:40px;\" aria-hidden=\"true\" class=\"fontawesome-icon fa-user fas circle-yes\"><\/i><\/div><h2 class=\"content-box-heading\" style=\"font-size:18px;line-height:23px;\">Vorstand<\/h2><\/div><div class=\"fusion-clearfix\"><\/div><div class=\"content-container\" style=\"color:#747474;\">\n<p style=\"font-weight: 400; text-align: center;\">Bettina Springmann<\/p>\n<p style=\"font-weight: 400; text-align: center;\">Gabriel Binder<\/p>\n<\/div><\/div><\/div><style type=\"text\/css\">\n\t\t\t\t\t\t.fusion-content-boxes-1 .fusion-content-box-hover .heading-link:hover .icon i.circle-yes,\n\t\t\t\t\t\t.fusion-content-boxes-1 .fusion-content-box-hover .link-area-box:hover .heading-link .icon i.circle-yes,\n\t\t\t\t\t\t.fusion-content-boxes-1 .fusion-content-box-hover .link-area-link-icon-hover .heading .icon i.circle-yes,\n\t\t\t\t\t\t.fusion-content-boxes-1 .fusion-content-box-hover .link-area-box-hover .heading .icon i.circle-yes {\n\t\t\t\t\t\t\tbackground-color: #f1876c !important;\n\t\t\t\t\t\t\tborder-color: #f1876c !important;\n\t\t\t\t\t\t}<\/style><div class=\"fusion-clearfix\"><\/div><\/div><div class=\"fusion-clearfix\"><\/div><\/div><\/div><\/div><\/div><\/div><\/p>\n","protected":false},"excerpt":{"rendered":"","protected":false},"author":1,"featured_media":0,"parent":0,"menu_order":0,"comment_status":"closed","ping_status":"closed","template":"100-width.php","meta":[],"_links":{"self":[{"href":"https:\/\/sick-stiftung.org\/rws\/wp-json\/wp\/v2\/pages\/180"}],"collection":[{"href":"https:\/\/sick-stiftung.org\/rws\/wp-json\/wp\/v2\/pages"}],"about":[{"href":"https:\/\/sick-stiftung.org\/rws\/wp-json\/wp\/v2\/types\/page"}],"author":[{"embeddable":true,"href":"https:\/\/sick-stiftung.org\/rws\/wp-json\/wp\/v2\/users\/1"}],"replies":[{"embeddable":true,"href":"https:\/\/sick-stiftung.org\/rws\/wp-json\/wp\/v2\/comments?post=180"}],"version-history":[{"count":53,"href":"https:\/\/sick-stiftung.org\/rws\/wp-json\/wp\/v2\/pages\/180\/revisions"}],"predecessor-version":[{"id":1552,"href":"https:\/\/sick-stiftung.org\/rws\/wp-json\/wp\/v2\/pages\/180\/revisions\/1552"}],"wp:attachment":[{"href":"https:\/\/sick-stiftung.org\/rws\/wp-json\/wp\/v2\/media?parent=180"}],"curies":[{"name":"wp","href":"https:\/\/api.w.org\/{rel}","templated":true}]}}